{"id":8390,"date":"2023-08-13T18:13:39","date_gmt":"2023-08-13T16:13:39","guid":{"rendered":"https:\/\/www.forlaps.ch\/?page_id=8390"},"modified":"2023-09-16T15:59:20","modified_gmt":"2023-09-16T13:59:20","slug":"carte","status":"publish","type":"page","link":"https:\/\/www.forlaps.ch\/fr_fr\/carte\/","title":{"rendered":"Carte"},"content":{"rendered":"\t\t<div data-elementor-type=\"wp-page\" data-elementor-id=\"8390\" class=\"elementor elementor-8390\">\n\t\t\t\t\t\t<section class=\"elementor-section elementor-top-section elementor-element elementor-element-331c7a6 elementor-section-full_width elementor-section-stretched elementor-section-height-default elementor-section-height-default\" data-id=\"331c7a6\" data-element_type=\"section\" data-e-type=\"section\" data-settings=\"{&quot;stretch_section&quot;:&quot;section-stretched&quot;}\">\n\t\t\t\t\t\t<div class=\"elementor-container elementor-column-gap-default\">\n\t\t\t\t\t<div class=\"elementor-column elementor-col-100 elementor-top-column elementor-element elementor-element-414aee8\" data-id=\"414aee8\" data-element_type=\"column\" data-e-type=\"column\">\n\t\t\t<div class=\"elementor-widget-wrap elementor-element-populated\">\n\t\t\t\t\t\t<div class=\"elementor-element elementor-element-f28744f elementor-widget elementor-widget-el_search_map\" data-id=\"f28744f\" data-element_type=\"widget\" data-e-type=\"widget\" data-widget_type=\"el_search_map.default\">\n\t\t\t\t<div class=\"elementor-widget-container\">\n\t\t\t\t\t\n<div class=\"elementor_search_map\">\n\t\n\t<div class=\"el_search_filters wrap_search_map\">\n\n\t\t\t\t\t<div class=\"toggle_wrap\">\n\t\t\t\t<span data-value=\"result_search\" class=\"active\">R\u00e9sultats<\/span>\n\t\t\t\t<span data-value=\"show_map\">Carte<\/span>\n\t\t\t<\/div>\n\t\t\n\t\t<div class=\"wrap_search\">\n\n\t\t\t<div id=\"result_search\" class=\"job_listings_search\" style=\"\">\n\n\t\t\t\t\t\t\t\t\t<span class=\"toggle_filters \">\n\t\t\t\t\t\tToggle Filters\t\t\t\t\t\t<i class=\"icon_down arrow_triangle-down\"><\/i>\n\t\t\t\t\t\t<i class=\"icon_up arrow_triangle-up\"><\/i>\n\t\t\t\t\t<\/span>\n\n\t\t\t\t\t<form class=\"job_filters\" autocomplete=\"off\" autocorrect=\"off\" autocapitalize=\"none\">\n\t\t\t\t\t\t<div class=\"search_jobs\">\n\t\t\t\t\t\t\t\t\t\t\t\t\t\t\t\t\t<div class=\"label_search wrap_search_cat\">\n\t\t\t\t\t\t\t\t\t\t\t<select required name='cat' id='cat' class='postform' >\n\t<option value='' selected='selected'>Cat\u00e9gorie<\/option>\n\t<option class=\"level-0\" value=\"bourse-dechange\">Bourse d&rsquo;\u00e9change<\/option>\n\t<option class=\"level-0\" value=\"rallye\">Rallye<\/option>\n\t<option class=\"level-0\" value=\"rallye-touristique\">Rallye Touristique<\/option>\n\t<option class=\"level-0\" value=\"rassemblement\">Rassemblement<\/option>\n\t<option class=\"level-0\" value=\"salon\">Salon<\/option>\n<\/select>\n\t\t\t\t\t\t\t\t\t\t<\/div>\n\t\t\t\t\t\t\t\t\t\t\t\t\t\t\t\t\t\t\t\t<div class=\"loc_state label_search\">\n\t\t\t\t\t\t\t\t\t\t\t<select  name='event_state' id='event_state' class='selectpicker postform' >\n\t<option value='' selected='selected'>Tous les cantons<\/option>\n\t<option class=\"level-0\" value=\"appenzell-rh-ext\">Appenzell Rh.-Ext<\/option>\n\t<option class=\"level-0\" value=\"appenzell-rh-int\">Appenzell Rh.-Int<\/option>\n\t<option class=\"level-0\" value=\"argovie\">Argovie<\/option>\n\t<option class=\"level-0\" value=\"bale-campagne\">B\u00e2le-Campagne<\/option>\n\t<option class=\"level-0\" value=\"bale-ville\">B\u00e2le-Ville<\/option>\n\t<option class=\"level-0\" value=\"berne\">Berne<\/option>\n\t<option class=\"level-0\" value=\"fribourg\">Fribourg<\/option>\n\t<option class=\"level-0\" value=\"geneve\">Gen\u00e8ve<\/option>\n\t<option class=\"level-0\" value=\"glaris\">Glaris<\/option>\n\t<option class=\"level-0\" value=\"grisons\">Grisons<\/option>\n\t<option class=\"level-0\" value=\"jura\">Jura<\/option>\n\t<option class=\"level-0\" value=\"lucerne\">Lucerne<\/option>\n\t<option class=\"level-0\" value=\"neuchatel\">Neuch\u00e2tel<\/option>\n\t<option class=\"level-0\" value=\"nidwald\">Nidwald<\/option>\n\t<option class=\"level-0\" value=\"obwald\">Obwald<\/option>\n\t<option class=\"level-0\" value=\"saint-gall\">Saint-Gall<\/option>\n\t<option class=\"level-0\" value=\"schaffhouse\">Schaffhouse<\/option>\n\t<option class=\"level-0\" value=\"schwyz\">Schwyz<\/option>\n\t<option class=\"level-0\" value=\"soleure\">Soleure<\/option>\n\t<option class=\"level-0\" value=\"tessin\">Tessin<\/option>\n\t<option class=\"level-0\" value=\"thurgovie\">Thurgovie<\/option>\n\t<option class=\"level-0\" value=\"uri\">Uri<\/option>\n\t<option class=\"level-0\" value=\"valais\">Valais<\/option>\n\t<option class=\"level-0\" value=\"vaud\">Vaud<\/option>\n\t<option class=\"level-0\" value=\"zoug\">Zoug<\/option>\n\t<option class=\"level-0\" value=\"zurich\">Zurich<\/option>\n<\/select>\n\t\t\t\t\t\t\t\t\t\t<\/div>\n\t\t\t\t\t\t\t\t\t\t\t\t\t\t\t\t\t\t\t\t<div class=\"loc_city label_search\">\n\t\t\t\t\t\t\t\t\t\t\t<select  name='event_city' id='event_city' class='selectpicker postform' >\n\t<option value='' selected='selected'>Toutes les villes<\/option>\n\t<option class=\"level-0\" value=\"aarberg\">Aarberg<\/option>\n\t<option class=\"level-0\" value=\"anet\">Anet<\/option>\n\t<option class=\"level-0\" value=\"bannwil\">Bannwil<\/option>\n\t<option class=\"level-0\" value=\"berne-berne\">Berne<\/option>\n\t<option class=\"level-0\" value=\"bienne\">Bienne<\/option>\n\t<option class=\"level-0\" value=\"buren-an-der-aare\">B\u00fcren an der Aare<\/option>\n\t<option class=\"level-0\" value=\"cerlier\">Cerlier<\/option>\n\t<option class=\"level-0\" value=\"darligen\">D\u00e4rligen<\/option>\n\t<option class=\"level-0\" value=\"eggiwil\">Eggiwil<\/option>\n\t<option class=\"level-0\" value=\"fahrni\">Fahrni<\/option>\n\t<option class=\"level-0\" value=\"gerzensee\">Gerzensee<\/option>\n\t<option class=\"level-0\" value=\"iffwil\">Iffwil<\/option>\n\t<option class=\"level-0\" value=\"interlaken\">Interlaken<\/option>\n\t<option class=\"level-0\" value=\"jaberg\">Jaberg<\/option>\n\t<option class=\"level-0\" value=\"kallnach\">Kallnach<\/option>\n\t<option class=\"level-0\" value=\"lauterbrunnen\">Lauterbrunnen<\/option>\n\t<option class=\"level-0\" value=\"madiswil\">Madiswil<\/option>\n\t<option class=\"level-0\" value=\"oberbalm\">Oberbalm<\/option>\n\t<option class=\"level-0\" value=\"thoune\">Thoune<\/option>\n<\/select>\n\t\t\t\t\t\t\t\t\t\t<\/div>\n\t\t\t\t\t\t\t\t\t\t\n\t\t\t\t\t\t\t\n\n\t\t\t\t\t\t\t<input type=\"hidden\" id=\"el_search_map_list_taxonomy\" value=\"[]\" >\n\t\t\t\t\t\t\t<input type=\"hidden\" id=\"data_taxonomy_custom\" value=\"[]\" >\n\t\t\t\t\t\t<\/div>\n\n\t\t\t\t\t\t<div class=\"wrap_search_radius\">\n\t\t\t\t\t\t\t<span>Rayon:<\/span>\n\t\t\t\t\t\t\t<span class=\"result_radius\">50km<\/span>\n\t\t\t\t\t\t\t<div id=\"wrap_pointer\"><\/div>\n\t\t\t\t\t\t\t<input type=\"hidden\" value=\"50\" name=\"radius\" data-radius-unit=\"km\">\n\t\t\t\t\t\t<\/div>\n\n\t\t\t\t\t\t<div class=\"wrap_search_filter_title\">\n\t\t\t\t\t\t\t\n\t\t\t\t\t\t\t<div class=\"listing_found\"><\/div>\n\n\t\t\t\t\t\t\t<div id=\"search_sort\">\n\t\t\t\t\t\t\t\t\t\t\t\t\t\t\t\t\t\t\t\t\t\t\t\t<select name=\"sort\">\n\t\t\t\t\t\t\t\t\t<option value=\"\">Trier par<\/option>\n\t\t\t\t\t\t\t\t\t<option value=\"near\"  >Le plus proche<\/option>\n\t\t\t\t\t\t\t\t\t<option value=\"date-desc\"  >Le plus r\u00e9cent d&#039;abord<\/option>\n\t\t\t\t\t\t\t\t\t<option value=\"date-asc\"  >Le plus ancien en premier\n<\/option>\n\t\t\t\t\t\t\t\t\t<option value=\"start-date\" selected >Date de d\u00e9but<\/option>\n\t\t\t\t\t\t\t\t\t<option value=\"end-date\"  >Date de fin<\/option>\n\t\t\t\t\t\t\t\t\t<option value=\"a-z\"  >A-Z<\/option>\n\t\t\t\t\t\t\t\t\t<option value=\"z-a\"  >Z-A<\/option>\n\t\t\t\t\t\t\t\t<\/select>\n\t\t\t\t\t\t\t<\/div>\n\t\t\t\t\t\t<\/div>\n\t\t\t\t\t<\/form>\n\t\t\t\t\t\t\t\t<div class=\"wrap_load_more\" style=\"display: none;\">\n\t\t\t\t\t<svg class=\"loader\" width=\"50\" height=\"50\">\n\t\t\t\t\t\t<circle cx=\"25\" cy=\"25\" r=\"10\" stroke=\"#e86c60\"\/>\n\t\t\t\t\t\t<circle cx=\"25\" cy=\"25\" r=\"20\" stroke=\"#e86c60\"\/>\n\t\t\t\t\t<\/svg>\n\t\t\t\t<\/div>\n\n\t\t\t\t<div id=\"search_result\" class=\"search_result search_show_map\" data-type=\"type2\" data-column=\"three-column\" data-zoom=\"4\" data-lat=\"46.86329978948369\" data-lng=\"8.21069136881067\" data-marker_option=\"icon\" data-marker_icon=\"\"  data-show_featured=\"yes\"><\/div>\n\n\t\t\t<\/div>\n\n\t\t\t\t\t\t<div class=\"wrap_show_map\" style=\"display: block;\" >\n\t\t\t\t<div id=\"show_map\"><\/div>\n\t\t\t<\/div>\n\t\t<\/div>\n\n\t<\/div>\n\n<\/div>\t\t\t\t<\/div>\n\t\t\t\t<\/div>\n\t\t\t\t\t<\/div>\n\t\t<\/div>\n\t\t\t\t\t<\/div>\n\t\t<\/section>\n\t\t\t\t<section class=\"elementor-section elementor-top-section elementor-element elementor-element-f8ed735 elementor-section-boxed elementor-section-height-default elementor-section-height-default\" data-id=\"f8ed735\" data-element_type=\"section\" data-e-type=\"section\">\n\t\t\t\t\t\t<div class=\"elementor-container elementor-column-gap-default\">\n\t\t\t\t\t<div class=\"elementor-column elementor-col-50 elementor-top-column elementor-element elementor-element-83f0f86\" data-id=\"83f0f86\" data-element_type=\"column\" data-e-type=\"column\">\n\t\t\t<div class=\"elementor-widget-wrap elementor-element-populated\">\n\t\t\t\t\t\t<div class=\"elementor-element elementor-element-4b0b755 elementor-widget elementor-widget-heading\" data-id=\"4b0b755\" data-element_type=\"widget\" data-e-type=\"widget\" data-widget_type=\"heading.default\">\n\t\t\t\t<div class=\"elementor-widget-container\">\n\t\t\t\t\t<h1 class=\"elementor-heading-title elementor-size-default\">Carte des \u00e9v\u00e9nements automobiles en Suisse<\/h1>\t\t\t\t<\/div>\n\t\t\t\t<\/div>\n\t\t\t\t<div class=\"elementor-element elementor-element-8171d8a elementor-widget elementor-widget-text-editor\" data-id=\"8171d8a\" data-element_type=\"widget\" data-e-type=\"widget\" data-widget_type=\"text-editor.default\">\n\t\t\t\t<div class=\"elementor-widget-container\">\n\t\t\t\t\t\t\t\t\t<p>Lorem ipsum dolor sit amet, consectetur adipiscing elit. Ut elit tellus, luctus nec ullamcorper mattis, pulvinar dapibus leo.<\/p>\t\t\t\t\t\t\t\t<\/div>\n\t\t\t\t<\/div>\n\t\t\t\t\t<\/div>\n\t\t<\/div>\n\t\t\t\t<div class=\"elementor-column elementor-col-50 elementor-top-column elementor-element elementor-element-55caf82\" data-id=\"55caf82\" data-element_type=\"column\" data-e-type=\"column\">\n\t\t\t<div class=\"elementor-widget-wrap\">\n\t\t\t\t\t\t\t<\/div>\n\t\t<\/div>\n\t\t\t\t\t<\/div>\n\t\t<\/section>\n\t\t\t\t<\/div>\n\t\t","protected":false},"excerpt":{"rendered":"<p>R\u00e9sultats Carte Toggle Filters Cat\u00e9gorieBourse d&rsquo;\u00e9changeRallyeRallye TouristiqueRassemblementSalon Tous les cantonsAppenzell Rh.-ExtAppenzell Rh.-IntArgovieB\u00e2le-CampagneB\u00e2le-VilleBerneFribourgGen\u00e8veGlarisGrisonsJuraLucerneNeuch\u00e2telNidwaldObwaldSaint-GallSchaffhouseSchwyzSoleureTessinThurgovieUriValaisVaudZougZurich Toutes les villesAarbergAnetBannwilBerneBienneB\u00fcren an der AareCerlierD\u00e4rligenEggiwilFahrniGerzenseeIffwilInterlakenJabergKallnachLauterbrunnenMadiswilOberbalmThoune Rayon: 50km Trier parLe plus procheLe plus r\u00e9cent d&#039;abordLe plus ancien en premier Date de d\u00e9butDate de finA-ZZ-A Carte des \u00e9v\u00e9nements automobiles en Suisse Lorem ipsum dolor sit amet, consectetur adipiscing elit. Ut elit tellus, luctus nec [&hellip;]<\/p>\n","protected":false},"author":1,"featured_media":0,"parent":0,"menu_order":0,"comment_status":"closed","ping_status":"closed","template":"","meta":{"footnotes":""},"class_list":["post-8390","page","type-page","status-publish","hentry"],"yoast_head":"<!-- This site is optimized with the Yoast SEO plugin v27.3 - https:\/\/yoast.com\/product\/yoast-seo-wordpress\/ -->\n<title>Carte - Forlaps<\/title>\n<meta name=\"robots\" content=\"index, follow, max-snippet:-1, max-image-preview:large, max-video-preview:-1\" \/>\n<link rel=\"canonical\" href=\"http:\/\/www.forlaps.ch\/fr_fr\/carte\/\" \/>\n<meta property=\"og:locale\" content=\"fr_FR\" \/>\n<meta property=\"og:type\" content=\"article\" \/>\n<meta property=\"og:title\" content=\"Carte - Forlaps\" \/>\n<meta property=\"og:description\" content=\"R\u00e9sultats Carte Toggle Filters Cat\u00e9gorieBourse d&rsquo;\u00e9changeRallyeRallye TouristiqueRassemblementSalon Tous les cantonsAppenzell Rh.-ExtAppenzell Rh.-IntArgovieB\u00e2le-CampagneB\u00e2le-VilleBerneFribourgGen\u00e8veGlarisGrisonsJuraLucerneNeuch\u00e2telNidwaldObwaldSaint-GallSchaffhouseSchwyzSoleureTessinThurgovieUriValaisVaudZougZurich Toutes les villesAarbergAnetBannwilBerneBienneB\u00fcren an der AareCerlierD\u00e4rligenEggiwilFahrniGerzenseeIffwilInterlakenJabergKallnachLauterbrunnenMadiswilOberbalmThoune Rayon: 50km Trier parLe plus procheLe plus r\u00e9cent d&#039;abordLe plus ancien en premier Date de d\u00e9butDate de finA-ZZ-A Carte des \u00e9v\u00e9nements automobiles en Suisse Lorem ipsum dolor sit amet, consectetur adipiscing elit. Ut elit tellus, luctus nec [&hellip;]\" \/>\n<meta property=\"og:url\" content=\"http:\/\/www.forlaps.ch\/fr_fr\/carte\/\" \/>\n<meta property=\"og:site_name\" content=\"Forlaps\" \/>\n<meta property=\"article:publisher\" content=\"https:\/\/www.facebook.com\/profile.php?id=100063120525183\" \/>\n<meta property=\"article:modified_time\" content=\"2023-09-16T13:59:20+00:00\" \/>\n<meta name=\"twitter:card\" content=\"summary_large_image\" \/>\n<meta name=\"twitter:label1\" content=\"Dur\u00e9e de lecture estim\u00e9e\" \/>\n\t<meta name=\"twitter:data1\" content=\"1 minute\" \/>\n<script type=\"application\/ld+json\" class=\"yoast-schema-graph\">{\"@context\":\"https:\\\/\\\/schema.org\",\"@graph\":[{\"@type\":\"WebPage\",\"@id\":\"http:\\\/\\\/www.forlaps.ch\\\/de_ch\\\/carte\\\/\",\"url\":\"http:\\\/\\\/www.forlaps.ch\\\/de_ch\\\/carte\\\/\",\"name\":\"Carte - Forlaps\",\"isPartOf\":{\"@id\":\"http:\\\/\\\/www.forlaps.ch\\\/fr_fr\\\/#website\"},\"datePublished\":\"2023-08-13T16:13:39+00:00\",\"dateModified\":\"2023-09-16T13:59:20+00:00\",\"breadcrumb\":{\"@id\":\"http:\\\/\\\/www.forlaps.ch\\\/de_ch\\\/carte\\\/#breadcrumb\"},\"inLanguage\":\"fr-FR\",\"potentialAction\":[{\"@type\":\"ReadAction\",\"target\":[\"http:\\\/\\\/www.forlaps.ch\\\/de_ch\\\/carte\\\/\"]}]},{\"@type\":\"BreadcrumbList\",\"@id\":\"http:\\\/\\\/www.forlaps.ch\\\/de_ch\\\/carte\\\/#breadcrumb\",\"itemListElement\":[{\"@type\":\"ListItem\",\"position\":1,\"name\":\"Accueil\",\"item\":\"http:\\\/\\\/www.forlaps.ch\\\/fr_fr\\\/\"},{\"@type\":\"ListItem\",\"position\":2,\"name\":\"Carte\"}]},{\"@type\":\"WebSite\",\"@id\":\"http:\\\/\\\/www.forlaps.ch\\\/fr_fr\\\/#website\",\"url\":\"http:\\\/\\\/www.forlaps.ch\\\/fr_fr\\\/\",\"name\":\"Forlaps.ch\",\"description\":\"Agenda des \u00e9v\u00e9nements automobiles en Suisse\",\"publisher\":{\"@id\":\"http:\\\/\\\/www.forlaps.ch\\\/fr_fr\\\/#organization\"},\"potentialAction\":[{\"@type\":\"SearchAction\",\"target\":{\"@type\":\"EntryPoint\",\"urlTemplate\":\"http:\\\/\\\/www.forlaps.ch\\\/fr_fr\\\/?s={search_term_string}\"},\"query-input\":{\"@type\":\"PropertyValueSpecification\",\"valueRequired\":true,\"valueName\":\"search_term_string\"}}],\"inLanguage\":\"fr-FR\"},{\"@type\":\"Organization\",\"@id\":\"http:\\\/\\\/www.forlaps.ch\\\/fr_fr\\\/#organization\",\"name\":\"Forlaps.ch\",\"url\":\"http:\\\/\\\/www.forlaps.ch\\\/fr_fr\\\/\",\"logo\":{\"@type\":\"ImageObject\",\"inLanguage\":\"fr-FR\",\"@id\":\"http:\\\/\\\/www.forlaps.ch\\\/fr_fr\\\/#\\\/schema\\\/logo\\\/image\\\/\",\"url\":\"https:\\\/\\\/www.forlaps.ch\\\/wp-content\\\/uploads\\\/2019\\\/06\\\/Logo-CH.png\",\"contentUrl\":\"https:\\\/\\\/www.forlaps.ch\\\/wp-content\\\/uploads\\\/2019\\\/06\\\/Logo-CH.png\",\"width\":750,\"height\":165,\"caption\":\"Forlaps.ch\"},\"image\":{\"@id\":\"http:\\\/\\\/www.forlaps.ch\\\/fr_fr\\\/#\\\/schema\\\/logo\\\/image\\\/\"},\"sameAs\":[\"https:\\\/\\\/www.facebook.com\\\/profile.php?id=100063120525183\"]}]}<\/script>\n<!-- \/ Yoast SEO plugin. -->","yoast_head_json":{"title":"Carte - Forlaps","robots":{"index":"index","follow":"follow","max-snippet":"max-snippet:-1","max-image-preview":"max-image-preview:large","max-video-preview":"max-video-preview:-1"},"canonical":"http:\/\/www.forlaps.ch\/fr_fr\/carte\/","og_locale":"fr_FR","og_type":"article","og_title":"Carte - Forlaps","og_description":"R\u00e9sultats Carte Toggle Filters Cat\u00e9gorieBourse d&rsquo;\u00e9changeRallyeRallye TouristiqueRassemblementSalon Tous les cantonsAppenzell Rh.-ExtAppenzell Rh.-IntArgovieB\u00e2le-CampagneB\u00e2le-VilleBerneFribourgGen\u00e8veGlarisGrisonsJuraLucerneNeuch\u00e2telNidwaldObwaldSaint-GallSchaffhouseSchwyzSoleureTessinThurgovieUriValaisVaudZougZurich Toutes les villesAarbergAnetBannwilBerneBienneB\u00fcren an der AareCerlierD\u00e4rligenEggiwilFahrniGerzenseeIffwilInterlakenJabergKallnachLauterbrunnenMadiswilOberbalmThoune Rayon: 50km Trier parLe plus procheLe plus r\u00e9cent d&#039;abordLe plus ancien en premier Date de d\u00e9butDate de finA-ZZ-A Carte des \u00e9v\u00e9nements automobiles en Suisse Lorem ipsum dolor sit amet, consectetur adipiscing elit. Ut elit tellus, luctus nec [&hellip;]","og_url":"http:\/\/www.forlaps.ch\/fr_fr\/carte\/","og_site_name":"Forlaps","article_publisher":"https:\/\/www.facebook.com\/profile.php?id=100063120525183","article_modified_time":"2023-09-16T13:59:20+00:00","twitter_card":"summary_large_image","twitter_misc":{"Dur\u00e9e de lecture estim\u00e9e":"1 minute"},"schema":{"@context":"https:\/\/schema.org","@graph":[{"@type":"WebPage","@id":"http:\/\/www.forlaps.ch\/de_ch\/carte\/","url":"http:\/\/www.forlaps.ch\/de_ch\/carte\/","name":"Carte - Forlaps","isPartOf":{"@id":"http:\/\/www.forlaps.ch\/fr_fr\/#website"},"datePublished":"2023-08-13T16:13:39+00:00","dateModified":"2023-09-16T13:59:20+00:00","breadcrumb":{"@id":"http:\/\/www.forlaps.ch\/de_ch\/carte\/#breadcrumb"},"inLanguage":"fr-FR","potentialAction":[{"@type":"ReadAction","target":["http:\/\/www.forlaps.ch\/de_ch\/carte\/"]}]},{"@type":"BreadcrumbList","@id":"http:\/\/www.forlaps.ch\/de_ch\/carte\/#breadcrumb","itemListElement":[{"@type":"ListItem","position":1,"name":"Accueil","item":"http:\/\/www.forlaps.ch\/fr_fr\/"},{"@type":"ListItem","position":2,"name":"Carte"}]},{"@type":"WebSite","@id":"http:\/\/www.forlaps.ch\/fr_fr\/#website","url":"http:\/\/www.forlaps.ch\/fr_fr\/","name":"Forlaps.ch","description":"Agenda des \u00e9v\u00e9nements automobiles en Suisse","publisher":{"@id":"http:\/\/www.forlaps.ch\/fr_fr\/#organization"},"potentialAction":[{"@type":"SearchAction","target":{"@type":"EntryPoint","urlTemplate":"http:\/\/www.forlaps.ch\/fr_fr\/?s={search_term_string}"},"query-input":{"@type":"PropertyValueSpecification","valueRequired":true,"valueName":"search_term_string"}}],"inLanguage":"fr-FR"},{"@type":"Organization","@id":"http:\/\/www.forlaps.ch\/fr_fr\/#organization","name":"Forlaps.ch","url":"http:\/\/www.forlaps.ch\/fr_fr\/","logo":{"@type":"ImageObject","inLanguage":"fr-FR","@id":"http:\/\/www.forlaps.ch\/fr_fr\/#\/schema\/logo\/image\/","url":"https:\/\/www.forlaps.ch\/wp-content\/uploads\/2019\/06\/Logo-CH.png","contentUrl":"https:\/\/www.forlaps.ch\/wp-content\/uploads\/2019\/06\/Logo-CH.png","width":750,"height":165,"caption":"Forlaps.ch"},"image":{"@id":"http:\/\/www.forlaps.ch\/fr_fr\/#\/schema\/logo\/image\/"},"sameAs":["https:\/\/www.facebook.com\/profile.php?id=100063120525183"]}]}},"_links":{"self":[{"href":"https:\/\/www.forlaps.ch\/fr_fr\/wp-json\/wp\/v2\/pages\/8390","targetHints":{"allow":["GET"]}}],"collection":[{"href":"https:\/\/www.forlaps.ch\/fr_fr\/wp-json\/wp\/v2\/pages"}],"about":[{"href":"https:\/\/www.forlaps.ch\/fr_fr\/wp-json\/wp\/v2\/types\/page"}],"author":[{"embeddable":true,"href":"https:\/\/www.forlaps.ch\/fr_fr\/wp-json\/wp\/v2\/users\/1"}],"replies":[{"embeddable":true,"href":"https:\/\/www.forlaps.ch\/fr_fr\/wp-json\/wp\/v2\/comments?post=8390"}],"version-history":[{"count":20,"href":"https:\/\/www.forlaps.ch\/fr_fr\/wp-json\/wp\/v2\/pages\/8390\/revisions"}],"predecessor-version":[{"id":8579,"href":"https:\/\/www.forlaps.ch\/fr_fr\/wp-json\/wp\/v2\/pages\/8390\/revisions\/8579"}],"wp:attachment":[{"href":"https:\/\/www.forlaps.ch\/fr_fr\/wp-json\/wp\/v2\/media?parent=8390"}],"curies":[{"name":"wp","href":"https:\/\/api.w.org\/{rel}","templated":true}]}}