{"id":8374,"date":"2023-08-13T15:08:53","date_gmt":"2023-08-13T13:08:53","guid":{"rendered":"https:\/\/www.forlaps.ch\/?page_id=8374"},"modified":"2023-08-13T18:12:01","modified_gmt":"2023-08-13T16:12:01","slug":"evenements","status":"publish","type":"page","link":"http:\/\/www.forlaps.ch\/de_ch\/evenements\/","title":{"rendered":"\u00c9v\u00e9nements"},"content":{"rendered":"<div data-elementor-type=\"wp-page\" data-elementor-id=\"8374\" class=\"elementor elementor-8374\">\n\t\t\t\t\t\t<section class=\"elementor-section elementor-top-section elementor-element elementor-element-67776e1 elementor-section-boxed elementor-section-height-default elementor-section-height-default\" data-id=\"67776e1\" data-element_type=\"section\" data-e-type=\"section\">\n\t\t\t\t\t\t<div class=\"elementor-container elementor-column-gap-default\">\n\t\t\t\t\t<div class=\"elementor-column elementor-col-100 elementor-top-column elementor-element elementor-element-4ceee03\" data-id=\"4ceee03\" data-element_type=\"column\" data-e-type=\"column\">\n\t\t\t<div class=\"elementor-widget-wrap elementor-element-populated\">\n\t\t\t\t\t\t<div class=\"elementor-element elementor-element-0a29f2b elementor-widget elementor-widget-heading\" data-id=\"0a29f2b\" data-element_type=\"widget\" data-e-type=\"widget\" data-widget_type=\"heading.default\">\n\t\t\t\t<div class=\"elementor-widget-container\">\n\t\t\t\t\t<h1 class=\"elementor-heading-title elementor-size-default\">\u00c9v\u00e9nements automobiles en Suisse<\/h1>\t\t\t\t<\/div>\n\t\t\t\t<\/div>\n\t\t\t\t<div class=\"elementor-element elementor-element-3a465c9 elementor-widget elementor-widget-text-editor\" data-id=\"3a465c9\" data-element_type=\"widget\" data-e-type=\"widget\" data-widget_type=\"text-editor.default\">\n\t\t\t\t<div class=\"elementor-widget-container\">\n\t\t\t\t\t\t\t\t\t<p>D\u00e9couvrez les \u00e9v\u00e9nements automobiles en Suisse \u00e0 venir ! Il existe une multitude d&rsquo;\u00e9v\u00e9nements pour le plus grand plaisir des passionn\u00e9s. Que ce soit des rassemblements, des rallye touristiques, des salons&#8230;<\/p>\t\t\t\t\t\t\t\t<\/div>\n\t\t\t\t<\/div>\n\t\t\t\t\t<\/div>\n\t\t<\/div>\n\t\t\t\t\t<\/div>\n\t\t<\/section>\n\t\t\t\t<section class=\"elementor-section elementor-top-section elementor-element elementor-element-17690a3 elementor-section-boxed elementor-section-height-default elementor-section-height-default\" data-id=\"17690a3\" data-element_type=\"section\" data-e-type=\"section\">\n\t\t\t\t\t\t<div class=\"elementor-container elementor-column-gap-default\">\n\t\t\t\t\t<div class=\"elementor-column elementor-col-100 elementor-top-column elementor-element elementor-element-5a31b95\" data-id=\"5a31b95\" data-element_type=\"column\" data-e-type=\"column\">\n\t\t\t<div class=\"elementor-widget-wrap elementor-element-populated\">\n\t\t\t\t\t\t<div class=\"elementor-element elementor-element-0eae61f elementor-widget elementor-widget-el_search_result\" data-id=\"0eae61f\" data-element_type=\"widget\" data-e-type=\"widget\" data-widget_type=\"el_search_result.default\">\n\t\t\t\t<div class=\"elementor-widget-container\">\n\t\t\t\t\t\n<div class=\"event_archive type1 three-column\" >\n\n\t<li class=\"event_entry\">\n\t<div class=\"event_item type1\">\n\t\t\n\t\t<div class=\"event_thumbnail\">\n\t\t\t\n\t<div class=\"thumbnail_figure\">\n\n\t\t<!-- Thumbnail -->\n\t\t<a href=\"http:\/\/www.forlaps.ch\/de_ch\/event\/test-2\/\">\n\t\t\t<img decoding=\"async\" src=\"http:\/\/www.forlaps.ch\/wp-content\/plugins\/eventlist\/assets\/img\/no_tmb_square.png \" alt=\"Test 2\" \/>\n\t\t<\/a>\n\t\t\n\t<\/div>\n\n\n\t\n\t\n\t<div class=\"img-author\">\n\n\t\t<!-- Thumbnail -->\n\t\t<a href=\"http:\/\/www.forlaps.ch\/de_ch\/author\/test\/ \">\n\t\t\t<img decoding=\"async\" src=\"http:\/\/www.forlaps.ch\/wp-content\/plugins\/eventlist\/assets\/img\/unknow_user.png\" alt=\"author vendor\">\n\t\t<\/a>\n\t\t\n\t<\/div>\n\n\t<span class=\"event_meta_cat\">\n\t\t<!-- category -->\n\t\t\t\t\t<a style= 'background-color: #22213f' href=\"http:\/\/www.forlaps.ch\/de_ch\/event_cat\/rallye-touristique\/\">Rallye Touristique<\/a>\n\t\t\t\t<\/span>\n\t<a href=\"javascript: void(0)\" class=\"event-loop-favourite el-wishlist\" data-id=\"8731\">\n\t<i class=\"fa fa-heart-o\"><\/i>\n<\/a>\t\t<\/div>\n\n\t\t<div class=\"event_detail\">\n\t\t\t\n\t\t\t<h2 class=\"loop_title\">\n\t<a class=\"second_font\" href=\"http:\/\/www.forlaps.ch\/de_ch\/event\/test-2\/ \">\n\t\tTest 2\t<\/a>\n<\/h2>\n\n\n\t\t\t\n\t\t\t <div class=\"event-location-time\">\n\t\t\t \t\n\t\t\t\t\t<div class=\"event-time\">\n\n\t\t<span class=\"event-icon\"><i class=\"icon_clock_alt\" ><\/i><\/span>\n\t\t<span class=\"time\">\n\t\t\t<span class=\"start-time\">Do., 4 Januar 2024<\/span><span >, 0h15<\/span><span class='timezone'><\/span>\t\t<\/span>\n\t<\/div>\n\n\n\t\t\t\t<div class=\"location-rating\">\n\t\t\t \t\t\n\t\t\t<div class=\"event_location\">\n\t\t\t\t\t\t\t<\/div>\n\t\n\t\n<span class=\"event_ratting\">\n\t<\/span>\t\t\t \t<\/div>\n\t\t\t \t\n\t\t\t <\/div>\n\n\t\t\t <div class=\"meta-footer\">\n\t\t\t \t\n\t\t\t \t<span class=\"event-button\">\n\t<a class=\"second_font\" href=\"http:\/\/www.forlaps.ch\/de_ch\/event\/test-2\/\">Get Ticket<\/a>\n<\/span><span class=\"event_loop_price second_font\">10.00 &#067;&#072;&#070;<\/span>\n\t\t\t <\/div>\n\n\t\t<\/div>\n\n\t<\/div>\n\t\n<\/li>\n\n\n\n<li class=\"event_entry\">\n\t<div class=\"event_item type1\">\n\t\t\n\t\t<div class=\"event_thumbnail\">\n\t\t\t\n\t<div class=\"thumbnail_figure\">\n\n\t\t<!-- Thumbnail -->\n\t\t<a href=\"http:\/\/www.forlaps.ch\/de_ch\/event\/test\/\">\n\t\t\t<img decoding=\"async\" src=\"http:\/\/www.forlaps.ch\/wp-content\/uploads\/2023\/08\/benjamin-richle-eQotfCtS66o-unsplash-710x480.webp \" alt=\"Test\" \/>\n\t\t<\/a>\n\t\t\n\t<\/div>\n\n\n\t\n\t\n\t<div class=\"img-author\">\n\n\t\t<!-- Thumbnail -->\n\t\t<a href=\"http:\/\/www.forlaps.ch\/de_ch\/author\/constructor\/ \">\n\t\t\t<img decoding=\"async\" src=\"http:\/\/www.forlaps.ch\/wp-content\/plugins\/eventlist\/assets\/img\/unknow_user.png\" alt=\"author vendor\">\n\t\t<\/a>\n\t\t\n\t<\/div>\n\n\t<span class=\"event_meta_cat\">\n\t\t<!-- category -->\n\t\t\t\t\t<a style= 'background-color: #22213f' href=\"http:\/\/www.forlaps.ch\/de_ch\/event_cat\/rallye-touristique\/\">Rallye Touristique<\/a>\n\t\t\t\t<\/span>\n\t<a href=\"javascript: void(0)\" class=\"event-loop-favourite el-wishlist\" data-id=\"8481\">\n\t<i class=\"fa fa-heart-o\"><\/i>\n<\/a>\t\t<\/div>\n\n\t\t<div class=\"event_detail\">\n\t\t\t\n\t\t\t<h2 class=\"loop_title\">\n\t<a class=\"second_font\" href=\"http:\/\/www.forlaps.ch\/de_ch\/event\/test\/ \">\n\t\tTest\t<\/a>\n<\/h2>\n\n\n\t\t\t\n\t\t\t <div class=\"event-location-time\">\n\t\t\t \t\n\t\t\t\t\t<div class=\"event-time\">\n\n\t\t<span class=\"event-icon\"><i class=\"icon_clock_alt\" ><\/i><\/span>\n\t\t<span class=\"time\">\n\t\t\t<span class=\"start-time\">Do., 7 M\u00e4rz 2024<\/span><span >, 0h15<\/span><span class='timezone'><\/span>\t\t<\/span>\n\t<\/div>\n\n\n\t\t\t\t<div class=\"location-rating\">\n\t\t\t \t\t\n\t\t\t<div class=\"event_location\">\n\t\t\t\t\t\t\t\t\t\n\t\t\t\t\t<span class=\"event-icon\"><i class=\"icon_pin_alt\"><\/i><\/span>\n\n\t\t\t\t\t\t\t\t\t\t\t\t\n\t\t\t\t\t\t\t<a href=\"http:\/\/www.forlaps.ch\/de_ch\/event_loc\/vaud\/\">\n\t\t\t\t\t\t\t\tVaud\t\t\t\t\t\t\t<\/a>\n\t\t\t\t\t\t\t<span class=\"separator\">\n\t\t\t\t\t\t\t\t\t\t\t\t\t\t\t<\/span>\n\n\t\t\t\t\t\t\t\t\t\t<\/div>\n\t\n\t\n<span class=\"event_ratting\">\n\t<\/span>\t\t\t \t<\/div>\n\t\t\t \t\n\t\t\t <\/div>\n\n\t\t\t <div class=\"meta-footer\">\n\t\t\t \t\n\t\t\t \t<span class=\"event-button\">\n\t<a class=\"second_font\" href=\"http:\/\/www.forlaps.ch\/de_ch\/event\/test\/\">Get Ticket<\/a>\n<\/span><span class=\"event_loop_price second_font\">0.00 &#067;&#072;&#070;<\/span>\n\t\t\t <\/div>\n\n\t\t<\/div>\n\n\t<\/div>\n\t\n<\/li>\n\n\n\n<li class=\"event_entry\">\n\t<div class=\"event_item type1\">\n\t\t\n\t\t<div class=\"event_thumbnail\">\n\t\t\t\n\t<div class=\"thumbnail_figure\">\n\n\t\t<!-- Thumbnail -->\n\t\t<a href=\"http:\/\/www.forlaps.ch\/de_ch\/event\/grand-opening-byd-harmony-auto-zurich\/\">\n\t\t\t<img decoding=\"async\" src=\"http:\/\/www.forlaps.ch\/wp-content\/uploads\/2019\/06\/BYD-ZURICH-LKD-EVENT-710x480.png \" alt=\"Grand Opening BYD Harmony Auto Zurich\" \/>\n\t\t<\/a>\n\t\t\n\t<\/div>\n\n\n\t\n\t\n\t<div class=\"img-author\">\n\n\t\t<!-- Thumbnail -->\n\t\t<a href=\"http:\/\/www.forlaps.ch\/de_ch\/author\/s2s-group\/ \">\n\t\t\t<img decoding=\"async\" src=\"http:\/\/www.forlaps.ch\/wp-content\/plugins\/eventlist\/assets\/img\/unknow_user.png\" alt=\"author vendor\">\n\t\t<\/a>\n\t\t\n\t<\/div>\n\n\t<span class=\"event_meta_cat\">\n\t\t<!-- category -->\n\t\t\t\t\t<a style= 'background-color: #22213f' href=\"http:\/\/www.forlaps.ch\/de_ch\/event_cat\/salon\/\">Salon<\/a>\n\t\t\t\t<\/span>\n\t<a href=\"javascript: void(0)\" class=\"event-loop-favourite el-wishlist\" data-id=\"8745\">\n\t<i class=\"fa fa-heart-o\"><\/i>\n<\/a>\t\t<\/div>\n\n\t\t<div class=\"event_detail\">\n\t\t\t\n\t\t\t<h2 class=\"loop_title\">\n\t<a class=\"second_font\" href=\"http:\/\/www.forlaps.ch\/de_ch\/event\/grand-opening-byd-harmony-auto-zurich\/ \">\n\t\tGrand Opening BYD Harmony Auto Zurich\t<\/a>\n<\/h2>\n\n\n\t\t\t\n\t\t\t <div class=\"event-location-time\">\n\t\t\t \t\n\t\t\t\t\t<div class=\"event-time\">\n\n\t\t<span class=\"event-icon\"><i class=\"icon_clock_alt\" ><\/i><\/span>\n\t\t<span class=\"time\">\n\t\t\t<span class=\"start-time\">Mi., 2 April 2025<\/span><span >, 16h30<\/span><span class='timezone'>Europe\/Zurich<\/span>\t\t<\/span>\n\t<\/div>\n\n\n\t\t\t\t<div class=\"location-rating\">\n\t\t\t \t\t\n\t\t\t<div class=\"event_location\">\n\t\t\t\t\t\t\t<\/div>\n\t\n\t\n<span class=\"event_ratting\">\n\t<\/span>\t\t\t \t<\/div>\n\t\t\t \t\n\t\t\t <\/div>\n\n\t\t\t <div class=\"meta-footer\">\n\t\t\t \t\n\t\t\t \t<span class=\"event-button\">\n\t<a class=\"second_font\" href=\"http:\/\/www.forlaps.ch\/de_ch\/event\/grand-opening-byd-harmony-auto-zurich\/\">Get Ticket<\/a>\n<\/span><span class=\"event_loop_price second_font\"><\/span>\n\t\t\t <\/div>\n\n\t\t<\/div>\n\n\t<\/div>\n\t\n<\/li>\n\n\n\n\n<\/div>\n\n\t\t\t\t<\/div>\n\t\t\t\t<\/div>\n\t\t\t\t\t<\/div>\n\t\t<\/div>\n\t\t\t\t\t<\/div>\n\t\t<\/section>\n\t\t\t\t<\/div>","protected":false},"excerpt":{"rendered":"<p>\u00c9v\u00e9nements automobiles en Suisse D\u00e9couvrez les \u00e9v\u00e9nements automobiles en Suisse \u00e0 venir ! Il existe une multitude d&rsquo;\u00e9v\u00e9nements pour le plus grand plaisir des passionn\u00e9s. Que ce soit des rassemblements, des rallye touristiques, des salons&#8230; Festival World Travel Lifestyle Expo in 2020 dim, 18 juillet 2021, 0h00 Arvada , Colorado Get Ticket 10.00 &#067;&#072;&#070; Conference [&hellip;]<\/p>\n","protected":false},"author":1,"featured_media":0,"parent":0,"menu_order":0,"comment_status":"closed","ping_status":"closed","template":"","meta":{"footnotes":""},"class_list":["post-8374","page","type-page","status-publish","hentry"],"yoast_head":"<!-- This site is optimized with the Yoast SEO plugin v27.4 - https:\/\/yoast.com\/product\/yoast-seo-wordpress\/ -->\n<title>\u00c9v\u00e9nements Automobiles en Suisse - Les dates \u00e0 venir - Forlaps.ch<\/title>\n<meta name=\"description\" content=\"Partez \u00e0 la d\u00e9couverte des \u00e9v\u00e9nements automobiles en suisse \u00e0 venir ! Il y en a pour tous les go\u00fbts en allant du rassemblement, du rallye...\" \/>\n<meta name=\"robots\" content=\"index, follow, max-snippet:-1, max-image-preview:large, max-video-preview:-1\" \/>\n<link rel=\"canonical\" href=\"http:\/\/www.forlaps.ch\/de_ch\/evenements\/\" \/>\n<meta property=\"og:locale\" content=\"de_DE\" \/>\n<meta property=\"og:type\" content=\"article\" \/>\n<meta property=\"og:title\" content=\"\u00c9v\u00e9nements Automobiles en Suisse - Les dates \u00e0 venir - Forlaps.ch\" \/>\n<meta property=\"og:description\" content=\"Partez \u00e0 la d\u00e9couverte des \u00e9v\u00e9nements automobiles en suisse \u00e0 venir ! Il y en a pour tous les go\u00fbts en allant du rassemblement, du rallye...\" \/>\n<meta property=\"og:url\" content=\"http:\/\/www.forlaps.ch\/de_ch\/evenements\/\" \/>\n<meta property=\"og:site_name\" content=\"Forlaps\" \/>\n<meta property=\"article:publisher\" content=\"https:\/\/www.facebook.com\/profile.php?id=100063120525183\" \/>\n<meta property=\"article:modified_time\" content=\"2023-08-13T16:12:01+00:00\" \/>\n<meta property=\"og:image\" content=\"https:\/\/www.forlaps.ch\/wp-content\/plugins\/eventlist\/assets\/img\/unknow_user.png\" \/>\n<meta name=\"twitter:card\" content=\"summary_large_image\" \/>\n<meta name=\"twitter:label1\" content=\"Gesch\u00e4tzte Lesezeit\" \/>\n\t<meta name=\"twitter:data1\" content=\"7\u00a0Minuten\" \/>\n<script type=\"application\/ld+json\" class=\"yoast-schema-graph\">{\"@context\":\"https:\\\/\\\/schema.org\",\"@graph\":[{\"@type\":\"WebPage\",\"@id\":\"http:\\\/\\\/www.forlaps.ch\\\/de_ch\\\/evenements\\\/\",\"url\":\"http:\\\/\\\/www.forlaps.ch\\\/de_ch\\\/evenements\\\/\",\"name\":\"\u00c9v\u00e9nements Automobiles en Suisse - Les dates \u00e0 venir - Forlaps.ch\",\"isPartOf\":{\"@id\":\"https:\\\/\\\/www.forlaps.ch\\\/fr_fr\\\/#website\"},\"primaryImageOfPage\":{\"@id\":\"http:\\\/\\\/www.forlaps.ch\\\/de_ch\\\/evenements\\\/#primaryimage\"},\"image\":{\"@id\":\"http:\\\/\\\/www.forlaps.ch\\\/de_ch\\\/evenements\\\/#primaryimage\"},\"thumbnailUrl\":\"https:\\\/\\\/www.forlaps.ch\\\/wp-content\\\/plugins\\\/eventlist\\\/assets\\\/img\\\/unknow_user.png\",\"datePublished\":\"2023-08-13T13:08:53+00:00\",\"dateModified\":\"2023-08-13T16:12:01+00:00\",\"description\":\"Partez \u00e0 la d\u00e9couverte des \u00e9v\u00e9nements automobiles en suisse \u00e0 venir ! Il y en a pour tous les go\u00fbts en allant du rassemblement, du rallye...\",\"breadcrumb\":{\"@id\":\"http:\\\/\\\/www.forlaps.ch\\\/de_ch\\\/evenements\\\/#breadcrumb\"},\"inLanguage\":\"de-CH\",\"potentialAction\":[{\"@type\":\"ReadAction\",\"target\":[\"http:\\\/\\\/www.forlaps.ch\\\/de_ch\\\/evenements\\\/\"]}]},{\"@type\":\"ImageObject\",\"inLanguage\":\"de-CH\",\"@id\":\"http:\\\/\\\/www.forlaps.ch\\\/de_ch\\\/evenements\\\/#primaryimage\",\"url\":\"https:\\\/\\\/www.forlaps.ch\\\/wp-content\\\/plugins\\\/eventlist\\\/assets\\\/img\\\/unknow_user.png\",\"contentUrl\":\"https:\\\/\\\/www.forlaps.ch\\\/wp-content\\\/plugins\\\/eventlist\\\/assets\\\/img\\\/unknow_user.png\"},{\"@type\":\"BreadcrumbList\",\"@id\":\"http:\\\/\\\/www.forlaps.ch\\\/de_ch\\\/evenements\\\/#breadcrumb\",\"itemListElement\":[{\"@type\":\"ListItem\",\"position\":1,\"name\":\"Accueil\",\"item\":\"https:\\\/\\\/www.forlaps.ch\\\/fr_fr\\\/\"},{\"@type\":\"ListItem\",\"position\":2,\"name\":\"\u00c9v\u00e9nements\"}]},{\"@type\":\"WebSite\",\"@id\":\"https:\\\/\\\/www.forlaps.ch\\\/fr_fr\\\/#website\",\"url\":\"https:\\\/\\\/www.forlaps.ch\\\/fr_fr\\\/\",\"name\":\"Forlaps.ch\",\"description\":\"Agenda des \u00e9v\u00e9nements automobiles en Suisse\",\"publisher\":{\"@id\":\"https:\\\/\\\/www.forlaps.ch\\\/fr_fr\\\/#organization\"},\"potentialAction\":[{\"@type\":\"SearchAction\",\"target\":{\"@type\":\"EntryPoint\",\"urlTemplate\":\"https:\\\/\\\/www.forlaps.ch\\\/fr_fr\\\/?s={search_term_string}\"},\"query-input\":{\"@type\":\"PropertyValueSpecification\",\"valueRequired\":true,\"valueName\":\"search_term_string\"}}],\"inLanguage\":\"de-CH\"},{\"@type\":\"Organization\",\"@id\":\"https:\\\/\\\/www.forlaps.ch\\\/fr_fr\\\/#organization\",\"name\":\"Forlaps.ch\",\"url\":\"https:\\\/\\\/www.forlaps.ch\\\/fr_fr\\\/\",\"logo\":{\"@type\":\"ImageObject\",\"inLanguage\":\"de-CH\",\"@id\":\"https:\\\/\\\/www.forlaps.ch\\\/fr_fr\\\/#\\\/schema\\\/logo\\\/image\\\/\",\"url\":\"https:\\\/\\\/www.forlaps.ch\\\/wp-content\\\/uploads\\\/2019\\\/06\\\/Logo-CH.png\",\"contentUrl\":\"https:\\\/\\\/www.forlaps.ch\\\/wp-content\\\/uploads\\\/2019\\\/06\\\/Logo-CH.png\",\"width\":750,\"height\":165,\"caption\":\"Forlaps.ch\"},\"image\":{\"@id\":\"https:\\\/\\\/www.forlaps.ch\\\/fr_fr\\\/#\\\/schema\\\/logo\\\/image\\\/\"},\"sameAs\":[\"https:\\\/\\\/www.facebook.com\\\/profile.php?id=100063120525183\"]}]}<\/script>\n<!-- \/ Yoast SEO plugin. -->","yoast_head_json":{"title":"\u00c9v\u00e9nements Automobiles en Suisse - Les dates \u00e0 venir - Forlaps.ch","description":"Partez \u00e0 la d\u00e9couverte des \u00e9v\u00e9nements automobiles en suisse \u00e0 venir ! Il y en a pour tous les go\u00fbts en allant du rassemblement, du rallye...","robots":{"index":"index","follow":"follow","max-snippet":"max-snippet:-1","max-image-preview":"max-image-preview:large","max-video-preview":"max-video-preview:-1"},"canonical":"http:\/\/www.forlaps.ch\/de_ch\/evenements\/","og_locale":"de_DE","og_type":"article","og_title":"\u00c9v\u00e9nements Automobiles en Suisse - Les dates \u00e0 venir - Forlaps.ch","og_description":"Partez \u00e0 la d\u00e9couverte des \u00e9v\u00e9nements automobiles en suisse \u00e0 venir ! Il y en a pour tous les go\u00fbts en allant du rassemblement, du rallye...","og_url":"http:\/\/www.forlaps.ch\/de_ch\/evenements\/","og_site_name":"Forlaps","article_publisher":"https:\/\/www.facebook.com\/profile.php?id=100063120525183","article_modified_time":"2023-08-13T16:12:01+00:00","og_image":[{"url":"https:\/\/www.forlaps.ch\/wp-content\/plugins\/eventlist\/assets\/img\/unknow_user.png","type":"","width":"","height":""}],"twitter_card":"summary_large_image","twitter_misc":{"Gesch\u00e4tzte Lesezeit":"7\u00a0Minuten"},"schema":{"@context":"https:\/\/schema.org","@graph":[{"@type":"WebPage","@id":"http:\/\/www.forlaps.ch\/de_ch\/evenements\/","url":"http:\/\/www.forlaps.ch\/de_ch\/evenements\/","name":"\u00c9v\u00e9nements Automobiles en Suisse - Les dates \u00e0 venir - Forlaps.ch","isPartOf":{"@id":"https:\/\/www.forlaps.ch\/fr_fr\/#website"},"primaryImageOfPage":{"@id":"http:\/\/www.forlaps.ch\/de_ch\/evenements\/#primaryimage"},"image":{"@id":"http:\/\/www.forlaps.ch\/de_ch\/evenements\/#primaryimage"},"thumbnailUrl":"https:\/\/www.forlaps.ch\/wp-content\/plugins\/eventlist\/assets\/img\/unknow_user.png","datePublished":"2023-08-13T13:08:53+00:00","dateModified":"2023-08-13T16:12:01+00:00","description":"Partez \u00e0 la d\u00e9couverte des \u00e9v\u00e9nements automobiles en suisse \u00e0 venir ! Il y en a pour tous les go\u00fbts en allant du rassemblement, du rallye...","breadcrumb":{"@id":"http:\/\/www.forlaps.ch\/de_ch\/evenements\/#breadcrumb"},"inLanguage":"de-CH","potentialAction":[{"@type":"ReadAction","target":["http:\/\/www.forlaps.ch\/de_ch\/evenements\/"]}]},{"@type":"ImageObject","inLanguage":"de-CH","@id":"http:\/\/www.forlaps.ch\/de_ch\/evenements\/#primaryimage","url":"https:\/\/www.forlaps.ch\/wp-content\/plugins\/eventlist\/assets\/img\/unknow_user.png","contentUrl":"https:\/\/www.forlaps.ch\/wp-content\/plugins\/eventlist\/assets\/img\/unknow_user.png"},{"@type":"BreadcrumbList","@id":"http:\/\/www.forlaps.ch\/de_ch\/evenements\/#breadcrumb","itemListElement":[{"@type":"ListItem","position":1,"name":"Accueil","item":"https:\/\/www.forlaps.ch\/fr_fr\/"},{"@type":"ListItem","position":2,"name":"\u00c9v\u00e9nements"}]},{"@type":"WebSite","@id":"https:\/\/www.forlaps.ch\/fr_fr\/#website","url":"https:\/\/www.forlaps.ch\/fr_fr\/","name":"Forlaps.ch","description":"Agenda des \u00e9v\u00e9nements automobiles en Suisse","publisher":{"@id":"https:\/\/www.forlaps.ch\/fr_fr\/#organization"},"potentialAction":[{"@type":"SearchAction","target":{"@type":"EntryPoint","urlTemplate":"https:\/\/www.forlaps.ch\/fr_fr\/?s={search_term_string}"},"query-input":{"@type":"PropertyValueSpecification","valueRequired":true,"valueName":"search_term_string"}}],"inLanguage":"de-CH"},{"@type":"Organization","@id":"https:\/\/www.forlaps.ch\/fr_fr\/#organization","name":"Forlaps.ch","url":"https:\/\/www.forlaps.ch\/fr_fr\/","logo":{"@type":"ImageObject","inLanguage":"de-CH","@id":"https:\/\/www.forlaps.ch\/fr_fr\/#\/schema\/logo\/image\/","url":"https:\/\/www.forlaps.ch\/wp-content\/uploads\/2019\/06\/Logo-CH.png","contentUrl":"https:\/\/www.forlaps.ch\/wp-content\/uploads\/2019\/06\/Logo-CH.png","width":750,"height":165,"caption":"Forlaps.ch"},"image":{"@id":"https:\/\/www.forlaps.ch\/fr_fr\/#\/schema\/logo\/image\/"},"sameAs":["https:\/\/www.facebook.com\/profile.php?id=100063120525183"]}]}},"_links":{"self":[{"href":"http:\/\/www.forlaps.ch\/de_ch\/wp-json\/wp\/v2\/pages\/8374","targetHints":{"allow":["GET"]}}],"collection":[{"href":"http:\/\/www.forlaps.ch\/de_ch\/wp-json\/wp\/v2\/pages"}],"about":[{"href":"http:\/\/www.forlaps.ch\/de_ch\/wp-json\/wp\/v2\/types\/page"}],"author":[{"embeddable":true,"href":"http:\/\/www.forlaps.ch\/de_ch\/wp-json\/wp\/v2\/users\/1"}],"replies":[{"embeddable":true,"href":"http:\/\/www.forlaps.ch\/de_ch\/wp-json\/wp\/v2\/comments?post=8374"}],"version-history":[{"count":4,"href":"http:\/\/www.forlaps.ch\/de_ch\/wp-json\/wp\/v2\/pages\/8374\/revisions"}],"predecessor-version":[{"id":8389,"href":"http:\/\/www.forlaps.ch\/de_ch\/wp-json\/wp\/v2\/pages\/8374\/revisions\/8389"}],"wp:attachment":[{"href":"http:\/\/www.forlaps.ch\/de_ch\/wp-json\/wp\/v2\/media?parent=8374"}],"curies":[{"name":"wp","href":"https:\/\/api.w.org\/{rel}","templated":true}]}}